{"id":119,"date":"2024-03-19T20:10:11","date_gmt":"2024-03-19T19:10:11","guid":{"rendered":"https:\/\/www.mieuxvivrepoissy.fr\/?page_id=119"},"modified":"2024-03-28T21:34:06","modified_gmt":"2024-03-28T20:34:06","slug":"actions-poissy","status":"publish","type":"page","link":"https:\/\/www.mieuxvivrepoissy.fr\/index.php\/actions-poissy\/","title":{"rendered":"Retrouvez nos actions \u00e0 Poissy"},"content":{"rendered":"<ul class=\"wp-block-latest-posts__list has-dates wp-block-latest-posts\"><li><a class=\"wp-block-latest-posts__post-title\" href=\"https:\/\/www.mieuxvivrepoissy.fr\/index.php\/2026\/04\/08\/analyse-du-conseil-municipal-du-7-avril\/\">Analyse du Conseil municipal du 7 avril<\/a><time datetime=\"2026-04-08T21:53:42+02:00\" class=\"wp-block-latest-posts__post-date\">8 avril 2026<\/time><div class=\"wp-block-latest-posts__post-excerpt\">Nous regrettons \u00e9videmment que la gauche et l&rsquo;\u00e9cologie ne soit pas repr\u00e9sent\u00e9e au conseil municipal, mais nous continuons notre travail de vigie. Le conseil municipal de ce mardi 7 avril \u00e9tait d\u00e9di\u00e9 \u00e0 la r\u00e9partition des responsabilit\u00e9s &#8211; voir en note pour trouver l\u2019ordre du jour et les comptes-rendus sur le site de la mairie Pas d&rsquo;annonce sur le fond,\u2026 <a class=\"wp-block-latest-posts__read-more\" href=\"https:\/\/www.mieuxvivrepoissy.fr\/index.php\/2026\/04\/08\/analyse-du-conseil-municipal-du-7-avril\/\" rel=\"noopener noreferrer\">Lire la suite<span class=\"screen-reader-text\">\u00a0: Analyse du Conseil municipal du 7 avril<\/span><\/a><\/div><\/li>\n<li><a class=\"wp-block-latest-posts__post-title\" href=\"https:\/\/www.mieuxvivrepoissy.fr\/index.php\/2026\/04\/02\/soutien-a-la-mobilisation-de-stellantis-le-23-avril-prochain\/\">Soutien \u00e0 la mobilisation de Stellantis le 23 avril prochain<\/a><time datetime=\"2026-04-02T21:53:01+02:00\" class=\"wp-block-latest-posts__post-date\">2 avril 2026<\/time><div class=\"wp-block-latest-posts__post-excerpt\">Retrouvez le communiqu\u00e9 de la CGT 78 sur leur page Facebook Jeudi 23 avril : soyons nombreux \u00e0 10h30 devant la Mairie de Poissy, pour la manifestation r\u00e9gionale contre la fermeture de l&rsquo;usine STELLANTIS de Poissy et le maintien de tous les 2000 emplois ouvriers dans la derni\u00e8re usine de production automobile d&rsquo;\u00cele-de-France ! \ud83d\udcaa<\/div><\/li>\n<li><a class=\"wp-block-latest-posts__post-title\" href=\"https:\/\/www.mieuxvivrepoissy.fr\/index.php\/2026\/04\/01\/marchons-contre-le-racisme-le-4-avril-a-saint-denis\/\">Marchons contre le racisme, le 4 avril \u00e0 Saint-Denis<\/a><time datetime=\"2026-04-01T21:54:34+02:00\" class=\"wp-block-latest-posts__post-date\">1 avril 2026<\/time><div class=\"wp-block-latest-posts__post-excerpt\">Des propos racistes ont \u00e9t\u00e9 tenus la semaine derni\u00e8re dans plusieurs m\u00e9dias, et en particulier les 27 et 28 mars sur la cha\u00eene CNews.L&rsquo;expression de racisme sur cette cha\u00eene, d\u00e9tenue par le milliardaire d&rsquo;extr\u00eame-droite Vincent Bollor\u00e9, n&rsquo;est pas un fait nouveau. L&rsquo;extr\u00eame violence des insultes prof\u00e9r\u00e9es \u00e0 l&rsquo;encontre de Bally Bagayoko , nouveau maire de Saint-Denis (93) a fait r\u00e9agir,\u2026 <a class=\"wp-block-latest-posts__read-more\" href=\"https:\/\/www.mieuxvivrepoissy.fr\/index.php\/2026\/04\/01\/marchons-contre-le-racisme-le-4-avril-a-saint-denis\/\" rel=\"noopener noreferrer\">Lire la suite<span class=\"screen-reader-text\">\u00a0: Marchons contre le racisme, le 4 avril \u00e0 Saint-Denis<\/span><\/a><\/div><\/li>\n<li><a class=\"wp-block-latest-posts__post-title\" href=\"https:\/\/www.mieuxvivrepoissy.fr\/index.php\/2026\/03\/30\/notre-recours-suite-a-lelection-municipale-de-poissy\/\">Notre recours suite \u00e0 l&rsquo;\u00e9lection municipale de Poissy<\/a><time datetime=\"2026-03-30T21:59:38+02:00\" class=\"wp-block-latest-posts__post-date\">30 mars 2026<\/time><div class=\"wp-block-latest-posts__post-excerpt\">Nous avons d\u00e9pos\u00e9 un recours devant le Tribunal administratif pour demander l\u2019annulation de l\u2019\u00e9lection municipale Nous estimons que l\u2019\u00e9lection a \u00e9t\u00e9 entach\u00e9e d\u2019irr\u00e9gularit\u00e9s. \ud83d\udd0eNotre objectif : faire respecter le droit \u00e9lectoral et assurer la sinc\u00e9rit\u00e9 du vote. Les campagnes \u00e9lectorales doivent se d\u00e9rouler dans le respect des r\u00e8gles, afin de garantir l\u2019\u00e9quit\u00e9 entre les candidatures et la juste information de\u2026 <a class=\"wp-block-latest-posts__read-more\" href=\"https:\/\/www.mieuxvivrepoissy.fr\/index.php\/2026\/03\/30\/notre-recours-suite-a-lelection-municipale-de-poissy\/\" rel=\"noopener noreferrer\">Lire la suite<span class=\"screen-reader-text\">\u00a0: Notre recours suite \u00e0 l&rsquo;\u00e9lection municipale de Poissy<\/span><\/a><\/div><\/li>\n<li><a class=\"wp-block-latest-posts__post-title\" href=\"https:\/\/www.mieuxvivrepoissy.fr\/index.php\/2026\/03\/24\/mieux-vivre-poissy-continue-son-engagement-apres-les-municipales\/\">Mieux Vivre Poissy continue son engagement, apr\u00e8s les municipales<\/a><time datetime=\"2026-03-24T21:56:04+01:00\" class=\"wp-block-latest-posts__post-date\">24 mars 2026<\/time><div class=\"wp-block-latest-posts__post-excerpt\">Message de Mathieu Parantho\u00ebn Ce dimanche, les \u00e9lecteurs et \u00e9lectrices ont tranch\u00e9. J&rsquo;adresse mes f\u00e9licitations r\u00e9publicaines \u00e0 Sandrine Berno dos Santos pour la victoire de sa liste. Dans une campagne marqu\u00e9e par de fortes tensions, son succ\u00e8s face \u00e0 Karl Olive \u2013 dont les m\u00e9thodes, les positions et la proximit\u00e9 avec l&rsquo;extr\u00eame-droite ont \u00e9t\u00e9 largement critiqu\u00e9es \u2013 \u00e9vite \u00e0 notre\u2026 <a class=\"wp-block-latest-posts__read-more\" href=\"https:\/\/www.mieuxvivrepoissy.fr\/index.php\/2026\/03\/24\/mieux-vivre-poissy-continue-son-engagement-apres-les-municipales\/\" rel=\"noopener noreferrer\">Lire la suite<span class=\"screen-reader-text\">\u00a0: Mieux Vivre Poissy continue son engagement, apr\u00e8s les municipales<\/span><\/a><\/div><\/li>\n<li><a class=\"wp-block-latest-posts__post-title\" href=\"https:\/\/www.mieuxvivrepoissy.fr\/index.php\/2026\/03\/20\/notre-engagement-restera-entier-malgre-notre-absence-au-conseil-municipal\/\">Notre engagement restera entier malgr\u00e9 notre absence au conseil municipal<\/a><time datetime=\"2026-03-20T21:58:04+01:00\" class=\"wp-block-latest-posts__post-date\">20 mars 2026<\/time><div class=\"wp-block-latest-posts__post-excerpt\">\u00c0 Poissy, la gauche et l\u2019\u00e9cologie ne seront pas repr\u00e9sent\u00e9es ce dimanche au second tour des \u00e9lections municipales.C\u2019est une d\u00e9ception pour toutes celles et ceux qui partagent nos valeurs.De ce premier tour, nous devons tirer une le\u00e7on collective : \u00e0 Poissy comme ailleurs, nul ne peut l\u2019emporter sans l\u2019union.&nbsp;L\u2019union n\u2019est pas une option, c\u2019est une n\u00e9cessit\u00e9.Face \u00e0 la droite et\u2026 <a class=\"wp-block-latest-posts__read-more\" href=\"https:\/\/www.mieuxvivrepoissy.fr\/index.php\/2026\/03\/20\/notre-engagement-restera-entier-malgre-notre-absence-au-conseil-municipal\/\" rel=\"noopener noreferrer\">Lire la suite<span class=\"screen-reader-text\">\u00a0: Notre engagement restera entier malgr\u00e9 notre absence au conseil municipal<\/span><\/a><\/div><\/li>\n<li><a class=\"wp-block-latest-posts__post-title\" href=\"https:\/\/www.mieuxvivrepoissy.fr\/index.php\/2026\/02\/17\/questions-orales-au-conseil-municipal-du-16-fevrier\/\">Questions orales au Conseil municipal du 16 f\u00e9vrier<\/a><time datetime=\"2026-02-17T09:04:18+01:00\" class=\"wp-block-latest-posts__post-date\">17 f\u00e9vrier 2026<\/time><div class=\"wp-block-latest-posts__post-excerpt\">Questions orales pos\u00e9es par les conseillers municipaux du groupe Poissy Demain, lors du conseil municipal du 16 f\u00e9vrier 2026. Voir aussi les avis d\u00e9taill\u00e9s sur cette page. Cliquez directement ci-dessous pour atteindre la question. Les r\u00e9ponses seront publi\u00e9es dans le compte-rendu disponible apr\u00e8s le prochain conseil municipal. Tarifs et remboursements de la Mutuelle municipale Madame la Maire, Depuis deux ans,\u2026 <a class=\"wp-block-latest-posts__read-more\" href=\"https:\/\/www.mieuxvivrepoissy.fr\/index.php\/2026\/02\/17\/questions-orales-au-conseil-municipal-du-16-fevrier\/\" rel=\"noopener noreferrer\">Lire la suite<span class=\"screen-reader-text\">\u00a0: Questions orales au Conseil municipal du 16 f\u00e9vrier<\/span><\/a><\/div><\/li>\n<li><a class=\"wp-block-latest-posts__post-title\" href=\"https:\/\/www.mieuxvivrepoissy.fr\/index.php\/2026\/02\/16\/avis-de-la-minorite-au-conseil-municipal-du-16-fevrier\/\">Avis de la minorit\u00e9 au Conseil municipal du 16 f\u00e9vrier<\/a><time datetime=\"2026-02-16T18:47:40+01:00\" class=\"wp-block-latest-posts__post-date\">16 f\u00e9vrier 2026<\/time><div class=\"wp-block-latest-posts__post-excerpt\">Voici un extrait des positions exprim\u00e9es par les conseillers municipaux du groupe Poissy Demain, lors du conseil municipal du 16 f\u00e9vrier 2026. \u00c0 noter que toutes les d\u00e9lib\u00e9rations ne n\u00e9cessitent pas un avis d\u00e9taill\u00e9 (compte-rendu en attente, voir en note pour trouver l\u2019ordre du jour et les comptes-rendus sur le site de la mairie). Cliquez sur une d\u00e9lib\u00e9ration pour atteindre\u2026 <a class=\"wp-block-latest-posts__read-more\" href=\"https:\/\/www.mieuxvivrepoissy.fr\/index.php\/2026\/02\/16\/avis-de-la-minorite-au-conseil-municipal-du-16-fevrier\/\" rel=\"noopener noreferrer\">Lire la suite<span class=\"screen-reader-text\">\u00a0: Avis de la minorit\u00e9 au Conseil municipal du 16 f\u00e9vrier<\/span><\/a><\/div><\/li>\n<\/ul>","protected":false},"excerpt":{"rendered":"","protected":false},"author":2,"featured_media":0,"parent":0,"menu_order":0,"comment_status":"open","ping_status":"closed","template":"","meta":{"footnotes":""},"class_list":["post-119","page","type-page","status-publish","hentry"],"_links":{"self":[{"href":"https:\/\/www.mieuxvivrepoissy.fr\/index.php\/wp-json\/wp\/v2\/pages\/119","targetHints":{"allow":["GET"]}}],"collection":[{"href":"https:\/\/www.mieuxvivrepoissy.fr\/index.php\/wp-json\/wp\/v2\/pages"}],"about":[{"href":"https:\/\/www.mieuxvivrepoissy.fr\/index.php\/wp-json\/wp\/v2\/types\/page"}],"author":[{"embeddable":true,"href":"https:\/\/www.mieuxvivrepoissy.fr\/index.php\/wp-json\/wp\/v2\/users\/2"}],"replies":[{"embeddable":true,"href":"https:\/\/www.mieuxvivrepoissy.fr\/index.php\/wp-json\/wp\/v2\/comments?post=119"}],"version-history":[{"count":2,"href":"https:\/\/www.mieuxvivrepoissy.fr\/index.php\/wp-json\/wp\/v2\/pages\/119\/revisions"}],"predecessor-version":[{"id":137,"href":"https:\/\/www.mieuxvivrepoissy.fr\/index.php\/wp-json\/wp\/v2\/pages\/119\/revisions\/137"}],"wp:attachment":[{"href":"https:\/\/www.mieuxvivrepoissy.fr\/index.php\/wp-json\/wp\/v2\/media?parent=119"}],"curies":[{"name":"wp","href":"https:\/\/api.w.org\/{rel}","templated":true}]}}