{"id":289,"date":"2024-12-09T10:10:20","date_gmt":"2024-12-09T09:10:20","guid":{"rendered":"https:\/\/www.mieuxvivrepoissy.fr\/?page_id=289"},"modified":"2025-05-21T18:56:01","modified_gmt":"2025-05-21T16:56:01","slug":"qui-sommes-nous","status":"publish","type":"page","link":"https:\/\/www.mieuxvivrepoissy.fr\/index.php\/qui-sommes-nous\/","title":{"rendered":"Qui sommes-nous"},"content":{"rendered":"\n<p>La gauche et les \u00e9cologistes \u00e0 Poissy !<\/p>\n\n\n\n<p>Notre collectif se compose de <strong>membres des partis <\/strong>qui d\u00e9fendent les valeurs de la gauche et de l&rsquo;\u00e9cologie , et tout aussi bien <strong>de personnes hors partis<\/strong>, engag\u00e9\u2219e\u2219s ou non dans la vie associative ou syndicale.<\/p>\n\n\n\n<p>Il trouve son origine avec la NUPES et dans une <strong>rencontre, en septembre 2022<\/strong>, de personnes souhaitant continuer ensemble, localement, la mobilisation des pr\u00e9c\u00e9dentes \u00e9lections l\u00e9gislatives. Nous avons notamment men\u00e9 en 2022-2023 une campagne pour l&rsquo;am\u00e9lioration des services de bus, qui s&rsquo;\u00e9taient d\u00e9grad\u00e9s \u00e0 la suite de l&rsquo;attribution du service \u00e0 Keolis.<\/p>\n\n\n\n<p>En octobre 2023, nous avons d\u00e9cid\u00e9 de centrer notre action principalement sur Poissy, et avons par la suite choisi le nom de Mieux Vivre Poissy. Au niveau national, nous nous reconnaissons dans les valeurs d\u00e9fendues par le Nouveau Front Populaire, et nous sommes convaincu\u2219e\u2219s qu&rsquo;au niveau local, de nombreux objectifs nous rassemblent&nbsp;: ceux qui peuvent contribuer \u00e0 l&rsquo;am\u00e9lioration de la vie de l&rsquo;ensemble des Pisciacais\u2219es.<\/p>\n\n\n\n<p><strong>Nos valeurs : la justice sociale, l&rsquo;urgence \u00e9cologique, la d\u00e9mocratie citoyenne, le respect du vivant et la solidarit\u00e9. Nous voulons agir pour le progr\u00e8s social et environnemental pour tous\u2219tes. <\/strong>Chaque citoyen\u2219ne de notre ville a droit \u00e0 un logement de qualit\u00e9, \u00e0 une \u00e9ducation qui permettra aux enfants d&rsquo;avoir un avenir, \u00e0 une alimentation saine, au respect de l\u2019environnement, \u00e0 la pr\u00e9servation du climat et de la biodiversit\u00e9, \u00e0 la s\u00e9curit\u00e9, \u00e0 des transports fiables et r\u00e9guliers, \u00e0 la possibilit\u00e9 de se soigner correctement, au respect de leurs convictions et diff\u00e9rences, qui sont une richesse \u00e0 partager, \u00e0 une offre culturelle et sportive diversifi\u00e9e et accessible&#8230;<\/p>\n\n\n\n<p>Tout cela ne sera possible que <strong>si les habitant\u2219e\u2219s de notre ville sont partie prenante <\/strong>de ce qui s&rsquo;y construit, en faisant remonter les probl\u00e8mes, en proposant des solutions et en participant aux d\u00e9cisions. La d\u00e9mocratie est pour nous le moyen indispensable de mieux vivre ensemble. Nous souhaitons construire une dynamique avec votre participation, pour changer notre ville et notre vie en mieux.<\/p>\n\n\n\n<p>Mieux Vivre Poissy, c&rsquo;est possible, cela ne pourra se faire qu\u2019avec vous !<\/p>\n\n\n\n<p>Chacun\u2219e a quelque chose \u00e0 apporter, des suggestions, connaissances, id\u00e9es, capacit\u00e9s, un peu de temps \u00e0 donner&#8230; <\/p>\n\n\n\n<p class=\"has-text-align-center\"><strong>Rejoignez-nous, vous \u00eates les bienvenu\u2219e\u2219s !<\/strong><\/p>\n\n\n\n<figure class=\"wp-block-image size-large\"><img loading=\"lazy\" decoding=\"async\" width=\"1024\" height=\"577\" src=\"http:\/\/www.mieuxvivrepoissy.fr\/wp-content\/uploads\/2024\/02\/banniere-tmp-1024x577.jpg\" alt=\"\" class=\"wp-image-39\" srcset=\"https:\/\/www.mieuxvivrepoissy.fr\/wp-content\/uploads\/2024\/02\/banniere-tmp-1024x577.jpg 1024w, https:\/\/www.mieuxvivrepoissy.fr\/wp-content\/uploads\/2024\/02\/banniere-tmp-300x169.jpg 300w, https:\/\/www.mieuxvivrepoissy.fr\/wp-content\/uploads\/2024\/02\/banniere-tmp-768x432.jpg 768w, https:\/\/www.mieuxvivrepoissy.fr\/wp-content\/uploads\/2024\/02\/banniere-tmp-1536x865.jpg 1536w, https:\/\/www.mieuxvivrepoissy.fr\/wp-content\/uploads\/2024\/02\/banniere-tmp.jpg 1600w\" sizes=\"auto, (max-width: 1024px) 100vw, 1024px\" \/><\/figure>\n\n\n\n<p><\/p>\n","protected":false},"excerpt":{"rendered":"<p>La gauche et les \u00e9cologistes \u00e0 Poissy ! Notre collectif se compose de membres des partis qui d\u00e9fendent les valeurs de la gauche et de l&rsquo;\u00e9cologie , et tout aussi bien de personnes hors partis, engag\u00e9\u2219e\u2219s ou non dans la vie associative ou syndicale. Il trouve son origine avec la NUPES et dans une rencontre, [&hellip;]<\/p>\n","protected":false},"author":2,"featured_media":39,"parent":0,"menu_order":0,"comment_status":"closed","ping_status":"closed","template":"","meta":{"footnotes":""},"class_list":["post-289","page","type-page","status-publish","has-post-thumbnail","hentry"],"_links":{"self":[{"href":"https:\/\/www.mieuxvivrepoissy.fr\/index.php\/wp-json\/wp\/v2\/pages\/289","targetHints":{"allow":["GET"]}}],"collection":[{"href":"https:\/\/www.mieuxvivrepoissy.fr\/index.php\/wp-json\/wp\/v2\/pages"}],"about":[{"href":"https:\/\/www.mieuxvivrepoissy.fr\/index.php\/wp-json\/wp\/v2\/types\/page"}],"author":[{"embeddable":true,"href":"https:\/\/www.mieuxvivrepoissy.fr\/index.php\/wp-json\/wp\/v2\/users\/2"}],"replies":[{"embeddable":true,"href":"https:\/\/www.mieuxvivrepoissy.fr\/index.php\/wp-json\/wp\/v2\/comments?post=289"}],"version-history":[{"count":14,"href":"https:\/\/www.mieuxvivrepoissy.fr\/index.php\/wp-json\/wp\/v2\/pages\/289\/revisions"}],"predecessor-version":[{"id":587,"href":"https:\/\/www.mieuxvivrepoissy.fr\/index.php\/wp-json\/wp\/v2\/pages\/289\/revisions\/587"}],"wp:featuredmedia":[{"embeddable":true,"href":"https:\/\/www.mieuxvivrepoissy.fr\/index.php\/wp-json\/wp\/v2\/media\/39"}],"wp:attachment":[{"href":"https:\/\/www.mieuxvivrepoissy.fr\/index.php\/wp-json\/wp\/v2\/media?parent=289"}],"curies":[{"name":"wp","href":"https:\/\/api.w.org\/{rel}","templated":true}]}}