{"id":684,"date":"2025-07-04T18:02:10","date_gmt":"2025-07-04T16:02:10","guid":{"rendered":"https:\/\/www.mieuxvivrepoissy.fr\/?page_id=684"},"modified":"2025-07-17T09:13:15","modified_gmt":"2025-07-17T07:13:15","slug":"un-nfp-pour-poissy","status":"publish","type":"page","link":"https:\/\/www.mieuxvivrepoissy.fr\/index.php\/un-nfp-pour-poissy\/","title":{"rendered":"Un Nouveau Front Populaire pour Poissy\u00a0: l\u2019appel de la gauche et des \u00e9cologistes"},"content":{"rendered":"\n<h3 class=\"wp-block-heading\">Un Nouveau Front Populaire pour Poissy : l\u2019appel de la gauche et des \u00e9cologistes<\/h3>\n\n\n\n<p>Poissy, le 1<sup>er<\/sup> juillet 2025<\/p>\n\n\n\n<p>Le collectif Mieux Vivre Poissy (MVP) a \u00e9t\u00e9 cr\u00e9\u00e9 en 2023 avec une conviction&nbsp;: \u00e0 l&rsquo;\u00e9chelle de notre ville, il est indispensable de d\u00e9passer les clivages entre organisations, pour construire avec les habitant\u2219es un projet permettant d&rsquo;am\u00e9liorer consid\u00e9rablement leur vie. <strong>Nous voulons travailler sur ce qui nous rassemble !<\/strong><\/p>\n\n\n\n<p>MVP comprend des personnalit\u00e9s hors partis, souvent membres d\u2019associations locales, ainsi que des adh\u00e9rent\u2219es de diff\u00e9rents partis de gauche et \u00e9cologistes. Nous nous mobilisons dans l\u2019esprit d\u2019un <strong>Nouveau Front Populaire Pisciacais<\/strong> pr\u00eat \u00e0 prendre ses responsabilit\u00e9s pour la gestion de notre ville. Avec les deux \u00e9lus actuels de l\u2019opposition municipale, Christophe Massiaux et Romain Loyer, et nos \u00e9changes r\u00e9guliers avec les habitant\u2219es, le collectif a acquis une <strong>connaissance fine des enjeux \u00e0 Poissy qui nous permet de faire des propositions pr\u00e9cises et argument\u00e9es<\/strong>.<\/p>\n\n\n\n<p>La majorit\u00e9 municipale actuelle, par ailleurs occup\u00e9e \u00e0 r\u00e9gler ses comptes plut\u00f4t qu\u2019\u00e0 servir les habitant\u2219es, soutient des gouvernements de droite constitu\u00e9s avec la bienveillance du Rassemblement national. Si elle est reconduite, elle continuera sa politique aggravant les in\u00e9galit\u00e9s et les injustices sociales, b\u00e9tonnant notre ville et saccageant l\u2019environnement et la biodiversit\u00e9, dans un esprit de copinage et en se croyant parfois m\u00eame au-dessus des lois (en atteste le financement r\u00e9cent des frais de justice de notre d\u00e9put\u00e9).<\/p>\n\n\n\n<p>MVP d\u00e9fend une <strong>autre fa\u00e7on de mener la politique municipale&nbsp;: plus proche des habitant\u2219es, plus juste, plus participative<\/strong>. Nous proposons des mesures ambitieuses et exigeantes, entre autres&nbsp;:<\/p>\n\n\n\n<ul class=\"wp-block-list\">\n<li>faciliter et acc\u00e9l\u00e9rer la <strong>r\u00e9novation des logements<\/strong>,<\/li>\n\n\n\n<li>cr\u00e9er un <strong>centre de sant\u00e9 municipal<\/strong> afin de garantir l&rsquo;acc\u00e8s aux soins pour tou\u2219te\u2219s,<\/li>\n\n\n\n<li>am\u00e9liorer <strong>l\u2019offre de transports collectifs,<\/strong><\/li>\n\n\n\n<li><strong>consulter les Pisciacais\u2219es par r\u00e9f\u00e9rendum<\/strong> sur les grands projets de la ville,<\/li>\n\n\n\n<li><strong>jumeler Poissy<\/strong> avec un camp de r\u00e9fugi\u00e9\u2219es ou une commune palestinienne,<\/li>\n<\/ul>\n\n\n\n<p>tout en initiant les transformations pour faire de Poissy une <strong>ville mod\u00e8le sur les enjeux environnementaux<\/strong>.<\/p>\n\n\n\n<p>D\u00e8s maintenant, nous <strong>proposons aux Pisciacais\u2219es de rejoindre notre collectif ou d&rsquo;\u00e9changer avec nous<\/strong>, pour compl\u00e9ter et pr\u00e9ciser ces mesures, afin de construire un programme d\u00e9taill\u00e9 pour les \u00e9lections municipales de mars 2026 au plus pr\u00e8s de leurs pr\u00e9occupations.<\/p>\n\n\n\n<p>Ensemble, imaginons des alternatives pour mieux vivre ici. Un autre Poissy est possible !<\/p>\n\n\n\n<p>Nous contacter&nbsp;: <a href=\"mailto:contact@mieuxvivrepoissy.fr\">contact@mieuxvivrepoissy.fr<\/a><\/p>\n\n\n\n<div data-wp-interactive=\"core\/file\" class=\"wp-block-file\"><object data-wp-bind--hidden=\"!state.hasPdfPreview\" hidden class=\"wp-block-file__embed\" data=\"https:\/\/www.mieuxvivrepoissy.fr\/wp-content\/uploads\/2025\/07\/Mieux-Vivre-Poissy-Un-Nouveau-Front-Populaire-pour-Poissy-juillet-2025.pdf\" type=\"application\/pdf\" style=\"width:100%;height:600px\" aria-label=\"Contenu embarqu\u00e9 Mieux Vivre Poissy - Un Nouveau Front Populaire pour Poissy (juillet 2025).\"><\/object><a id=\"wp-block-file--media-7ef3a784-8084-4ff0-bc1d-93507ed2688f\" href=\"https:\/\/www.mieuxvivrepoissy.fr\/wp-content\/uploads\/2025\/07\/Mieux-Vivre-Poissy-Un-Nouveau-Front-Populaire-pour-Poissy-juillet-2025.pdf\">Mieux Vivre Poissy &#8211; Un Nouveau Front Populaire pour Poissy (juillet 2025)<\/a><a href=\"https:\/\/www.mieuxvivrepoissy.fr\/wp-content\/uploads\/2025\/07\/Mieux-Vivre-Poissy-Un-Nouveau-Front-Populaire-pour-Poissy-juillet-2025.pdf\" class=\"wp-block-file__button wp-element-button\" download aria-describedby=\"wp-block-file--media-7ef3a784-8084-4ff0-bc1d-93507ed2688f\">T\u00e9l\u00e9charger<\/a><\/div>\n","protected":false},"excerpt":{"rendered":"<p>Un Nouveau Front Populaire pour Poissy : l\u2019appel de la gauche et des \u00e9cologistes Poissy, le 1er juillet 2025 Le collectif Mieux Vivre Poissy (MVP) a \u00e9t\u00e9 cr\u00e9\u00e9 en 2023 avec une conviction&nbsp;: \u00e0 l&rsquo;\u00e9chelle de notre ville, il est indispensable de d\u00e9passer les clivages entre organisations, pour construire avec les habitant\u2219es un projet permettant [&hellip;]<\/p>\n","protected":false},"author":2,"featured_media":0,"parent":0,"menu_order":0,"comment_status":"open","ping_status":"closed","template":"","meta":{"footnotes":""},"class_list":["post-684","page","type-page","status-publish","hentry"],"_links":{"self":[{"href":"https:\/\/www.mieuxvivrepoissy.fr\/index.php\/wp-json\/wp\/v2\/pages\/684","targetHints":{"allow":["GET"]}}],"collection":[{"href":"https:\/\/www.mieuxvivrepoissy.fr\/index.php\/wp-json\/wp\/v2\/pages"}],"about":[{"href":"https:\/\/www.mieuxvivrepoissy.fr\/index.php\/wp-json\/wp\/v2\/types\/page"}],"author":[{"embeddable":true,"href":"https:\/\/www.mieuxvivrepoissy.fr\/index.php\/wp-json\/wp\/v2\/users\/2"}],"replies":[{"embeddable":true,"href":"https:\/\/www.mieuxvivrepoissy.fr\/index.php\/wp-json\/wp\/v2\/comments?post=684"}],"version-history":[{"count":5,"href":"https:\/\/www.mieuxvivrepoissy.fr\/index.php\/wp-json\/wp\/v2\/pages\/684\/revisions"}],"predecessor-version":[{"id":699,"href":"https:\/\/www.mieuxvivrepoissy.fr\/index.php\/wp-json\/wp\/v2\/pages\/684\/revisions\/699"}],"wp:attachment":[{"href":"https:\/\/www.mieuxvivrepoissy.fr\/index.php\/wp-json\/wp\/v2\/media?parent=684"}],"curies":[{"name":"wp","href":"https:\/\/api.w.org\/{rel}","templated":true}]}}