{"id":82,"date":"2024-02-22T23:01:50","date_gmt":"2024-02-22T22:01:50","guid":{"rendered":"https:\/\/www.mieuxvivrepoissy.fr\/?page_id=82"},"modified":"2024-02-28T00:20:12","modified_gmt":"2024-02-27T23:20:12","slug":"rgpd","status":"publish","type":"page","link":"https:\/\/www.mieuxvivrepoissy.fr\/index.php\/rgpd\/","title":{"rendered":"Votre consentement est important"},"content":{"rendered":"\n<p>Les informations recueillies dans le questionnaire sont enregistr\u00e9es dans un fichier informatis\u00e9 par Mieux Vivre Poissy. La base l\u00e9gale du traitement est le consentement librement exprim\u00e9 par la personne r\u00e9pondant au questionnaire.<\/p>\n\n\n\n<p>Les donn\u00e9es collect\u00e9es seront communiqu\u00e9es uniquement au Conseil d&rsquo;Animation de Mieux Vivre Poissy.<\/p>\n\n\n\n<p>Elles sont conserv\u00e9es pendant une dur\u00e9e de 4 ans, sauf demande de suppression de ces donn\u00e9es.<\/p>\n\n\n\n<p>Vous pouvez acc\u00e9der aux donn\u00e9es vous concernant, les rectifier, demander leur effacement ou exercer votre droit \u00e0 la limitation du traitement de vos donn\u00e9es. Vous pouvez retirer \u00e0 tout moment votre consentement au traitement de vos donn\u00e9es.<\/p>\n\n\n\n<p>Consultez le site <a href=\"https:\/\/www.cnil.fr\" target=\"_blank\" rel=\"noreferrer noopener\"><em>cnil.fr<\/em><\/a> pour plus d\u2019informations sur vos droits.<\/p>\n\n\n\n<p>Pour exercer ces droits ou pour toute question sur le traitement de vos donn\u00e9es dans ce dispositif, vous pouvez contacter Mieux Vivre Poissy \u00e0 l&rsquo;adresse suivante : <a href=\"mailto:contact@mieuxvivrepoissy.fr\"><em>contact@mieuxvivrepoissy.fr<\/em><\/a> .<\/p>\n\n\n\n<p>Si vous estimez, apr\u00e8s nous avoir contact\u00e9s, que vos droits \u00ab Informatique et Libert\u00e9s \u00bb ne sont pas respect\u00e9s, vous pouvez adresser une r\u00e9clamation \u00e0 la CNIL.<\/p>\n","protected":false},"excerpt":{"rendered":"<p>Les informations recueillies dans le questionnaire sont enregistr\u00e9es dans un fichier informatis\u00e9 par Mieux Vivre Poissy. La base l\u00e9gale du traitement est le consentement librement exprim\u00e9 par la personne r\u00e9pondant au questionnaire. Les donn\u00e9es collect\u00e9es seront communiqu\u00e9es uniquement au Conseil d&rsquo;Animation de Mieux Vivre Poissy. Elles sont conserv\u00e9es pendant une dur\u00e9e de 4 ans, sauf [&hellip;]<\/p>\n","protected":false},"author":2,"featured_media":0,"parent":0,"menu_order":0,"comment_status":"closed","ping_status":"closed","template":"","meta":{"footnotes":""},"class_list":["post-82","page","type-page","status-publish","hentry"],"_links":{"self":[{"href":"https:\/\/www.mieuxvivrepoissy.fr\/index.php\/wp-json\/wp\/v2\/pages\/82","targetHints":{"allow":["GET"]}}],"collection":[{"href":"https:\/\/www.mieuxvivrepoissy.fr\/index.php\/wp-json\/wp\/v2\/pages"}],"about":[{"href":"https:\/\/www.mieuxvivrepoissy.fr\/index.php\/wp-json\/wp\/v2\/types\/page"}],"author":[{"embeddable":true,"href":"https:\/\/www.mieuxvivrepoissy.fr\/index.php\/wp-json\/wp\/v2\/users\/2"}],"replies":[{"embeddable":true,"href":"https:\/\/www.mieuxvivrepoissy.fr\/index.php\/wp-json\/wp\/v2\/comments?post=82"}],"version-history":[{"count":6,"href":"https:\/\/www.mieuxvivrepoissy.fr\/index.php\/wp-json\/wp\/v2\/pages\/82\/revisions"}],"predecessor-version":[{"id":94,"href":"https:\/\/www.mieuxvivrepoissy.fr\/index.php\/wp-json\/wp\/v2\/pages\/82\/revisions\/94"}],"wp:attachment":[{"href":"https:\/\/www.mieuxvivrepoissy.fr\/index.php\/wp-json\/wp\/v2\/media?parent=82"}],"curies":[{"name":"wp","href":"https:\/\/api.w.org\/{rel}","templated":true}]}}