{"id":98,"date":"2024-03-09T16:39:21","date_gmt":"2024-03-09T15:39:21","guid":{"rendered":"https:\/\/www.mieuxvivrepoissy.fr\/?page_id=98"},"modified":"2024-03-11T02:19:12","modified_gmt":"2024-03-11T01:19:12","slug":"contact","status":"publish","type":"page","link":"https:\/\/www.mieuxvivrepoissy.fr\/index.php\/contact\/","title":{"rendered":"Contact"},"content":{"rendered":"\n<p>Renseignez vos coordonn\u00e9es ci-dessous et nous vous recontacterons au plus vite. Vous pouvez aussi nous \u00e9crire \u00e0 <a href=\"mailto:contact@mieuxvivrepoissy.fr\" target=\"_blank\" rel=\"noreferrer noopener\"><strong>contact@mieuxvivrepoissy.fr<\/strong><\/a> ou donner <a href=\"\/index.php\/ensemble\/\"><strong>Votre avis sur Poissy<\/strong><\/a>.<\/p>\n\n\n<div class=\"frm_forms  with_frm_style frm_style_style-formidable\" id=\"frm_form_1_container\" >\n<form enctype=\"multipart\/form-data\" method=\"post\" class=\"frm-show-form \" id=\"form_contact\" >\n<div class=\"frm_form_fields \">\n<fieldset>\n<legend class=\"frm_screen_reader\">Nous contacter<\/legend>\r\n\r\n<div class=\"frm_fields_container\">\n<input type=\"hidden\" name=\"frm_action\" value=\"create\" \/>\n<input type=\"hidden\" name=\"form_id\" value=\"1\" \/>\n<input type=\"hidden\" name=\"frm_hide_fields_1\" id=\"frm_hide_fields_1\" value=\"\" \/>\n<input type=\"hidden\" name=\"form_key\" value=\"contact\" \/>\n<input type=\"hidden\" name=\"item_meta[0]\" value=\"\" \/>\n<input type=\"hidden\" id=\"frm_submit_entry_1\" name=\"frm_submit_entry_1\" value=\"bb4836c4d7\" \/><input type=\"hidden\" name=\"_wp_http_referer\" value=\"\/index.php\/wp-json\/wp\/v2\/pages\/98\" \/><div id=\"frm_field_1_container\" class=\"frm_form_field form-field  frm_required_field frm_top_container frm_first frm_half\">\r\n    <label for=\"field_qh4icy\" id=\"field_qh4icy_label\" class=\"frm_primary_label\">Pr\u00e9nom\r\n        <span class=\"frm_required\" aria-hidden=\"true\">*<\/span>\r\n    <\/label>\r\n    <input type=\"text\" id=\"field_qh4icy\" name=\"item_meta[1]\" value=\"\"  data-reqmsg=\"Ce champ ne peut pas \u00eatre vide\" aria-required=\"true\" data-invmsg=\"Name est non valide\" aria-invalid=\"false\"  \/>\r\n    \r\n    \r\n<\/div>\n<div id=\"frm_field_2_container\" class=\"frm_form_field form-field  frm_required_field frm_top_container frm_half frm_half\">\r\n    <label for=\"field_ocfup1\" id=\"field_ocfup1_label\" class=\"frm_primary_label\">Nom\r\n        <span class=\"frm_required\" aria-hidden=\"true\">*<\/span>\r\n    <\/label>\r\n    <input type=\"text\" id=\"field_ocfup1\" name=\"item_meta[2]\" value=\"\"  data-reqmsg=\"Ce champ ne peut pas \u00eatre vide\" aria-required=\"true\" data-invmsg=\"Last est non valide\" aria-invalid=\"false\"  \/>\r\n    \r\n    \r\n<\/div>\n<div id=\"frm_field_3_container\" class=\"frm_form_field form-field  frm_top_container frm6 frm_first\">\r\n    <label for=\"field_29yf4d\" id=\"field_29yf4d_label\" class=\"frm_primary_label\">Email\r\n        <span class=\"frm_required\" aria-hidden=\"true\"><\/span>\r\n    <\/label>\r\n    <input type=\"email\" id=\"field_29yf4d\" name=\"item_meta[3]\" value=\"\"  style=\"width:50%\" data-invmsg=\"Please enter a valid email address\" class=\"auto_width\" aria-invalid=\"false\"  \/>\r\n    \r\n    \r\n<\/div>\n<div id=\"frm_field_30_container\" class=\"frm_form_field form-field  frm_top_container frm6\">\r\n    <label for=\"field_1vt1b\" id=\"field_1vt1b_label\" class=\"frm_primary_label\">T\u00e9l\u00e9phone\r\n        <span class=\"frm_required\" aria-hidden=\"true\"><\/span>\r\n    <\/label>\r\n    <input type=\"tel\" id=\"field_1vt1b\" name=\"item_meta[30]\" value=\"\"  style=\"width:50%\" data-invmsg=\"T\u00e9l\u00e9phone est non valide\" class=\"auto_width\" aria-invalid=\"false\" pattern=\"((\\+\\d{1,3}(-|.| )?\\(?\\d\\)?(-| |.)?\\d{1,5})|(\\(?\\d{2,6}\\)?))(-|.| )?(\\d{3,4})(-|.| )?(\\d{4})(( x| ext)\\d{1,5}){0,1}$\"  \/>\r\n    \r\n    \r\n<\/div>\n<div id=\"frm_field_5_container\" class=\"frm_form_field form-field  frm_required_field frm_top_container frm_full\">\r\n    <label for=\"field_9jv0r1\" id=\"field_9jv0r1_label\" class=\"frm_primary_label\">Message\r\n        <span class=\"frm_required\" aria-hidden=\"true\">*<\/span>\r\n    <\/label>\r\n    <textarea name=\"item_meta[5]\" id=\"field_9jv0r1\" rows=\"5\"  data-reqmsg=\"Ce champ ne peut pas \u00eatre vide\" aria-required=\"true\" data-invmsg=\"Message est non valide\" aria-invalid=\"false\"  ><\/textarea>\r\n    \r\n    \r\n<\/div>\n<div id=\"frm_field_32_container\" class=\"frm_form_field form-field  frm_required_field frm_top_container frm6 frm_first\">\n\t<div  id=\"field_ry5qi_label\" class=\"frm_primary_label\">Je souhaite recevoir la Newsletter de Mieux Vivre Poissy\n\t\t<span class=\"frm_required\" aria-hidden=\"true\">*<\/span>\n\t<\/div>\n\t<div class=\"frm_opt_container\" aria-labelledby=\"field_ry5qi_label\" role=\"group\">\t\t<select name=\"item_meta[32]\" id=\"field_ry5qi\"  data-reqmsg=\"Je souhaite recevoir la Newsletter de Mieux Vivre Poissy ne peut pas \u00eatre vide.\" aria-required=\"true\" data-invmsg=\"Je souhaite recevoir la Newsletter de Mieux Vivre Poissy est non valide\" aria-invalid=\"false\"  >\n\t\t<option  value=\"Oui\">Oui<\/option><option  value=\"Non\">Non<\/option>\t<\/select>\n\t<\/div>\n\t\n\t\n<\/div>\n<div id=\"frm_field_37_container\" class=\"frm_form_field form-field  frm_top_container frm6\">\n\t<label for=\"field_95uwi\" id=\"field_95uwi_label\" class=\"frm_primary_label\">Votre quartier\n\t\t<span class=\"frm_required\" aria-hidden=\"true\"><\/span>\n\t<\/label>\n\t\t\t<select name=\"item_meta[37]\" id=\"field_95uwi\"  data-invmsg=\"Votre quartier est non valide\" aria-invalid=\"false\"  >\n\t\t<option  value=\"-------\">&#8212;&#8212;-<\/option><option  value=\"Abbaye\">Abbaye<\/option><option  value=\"Beauregard \/ Corneille\">Beauregard \/ Corneille<\/option><option  value=\"Beauregard \/ Racine\">Beauregard \/ Racine<\/option><option  value=\"B\u00e9themont \/ Bidonni\u00e8re\">B\u00e9themont \/ Bidonni\u00e8re<\/option><option  value=\"Centre-Ville\">Centre-Ville<\/option><option  value=\"Clos d&#039;Arcy\">Clos d&#039;Arcy<\/option><option  value=\"\u00cele de Migneaux\">\u00cele de Migneaux<\/option><option  value=\"La Bruy\u00e8re\">La Bruy\u00e8re<\/option><option  value=\"La Coudraie\">La Coudraie<\/option><option  value=\"Noailles\">Noailles<\/option><option  value=\"Rives de Seine, P\u00f4le Gare\">Rives de Seine, P\u00f4le Gare<\/option><option  value=\"Rouget-de-Lisle\">Rouget-de-Lisle<\/option><option  value=\"Saint-Exup\u00e9ry\">Saint-Exup\u00e9ry<\/option><option  value=\"Technoparc\">Technoparc<\/option><option  value=\"Poissy\">Poissy<\/option><option  value=\"Yvelines hors Poissy\">Yvelines hors Poissy<\/option><option  value=\"Autre d\u00e9partement\">Autre d\u00e9partement<\/option>\t<\/select>\n\t\n\t\n\t\n<\/div>\n<div id=\"frm_field_36_container\" class=\"frm_form_field  frm_color_block frm12 frm_first frm_html_container form-field\">Les donn\u00e9es collect\u00e9es via ce formulaire sont trait\u00e9es par l&rsquo;association MIEUX VIVRE POISSY afin de prendre en compte vos r\u00e9ponses.<br \/>\nPour en savoir plus sur la gestion de vos donn\u00e9es personnelles et pour exercer vos droits, reportez vous \u00e0 la notice disponible sur <i><a href=\"https:\/\/www.mieuxvivrepoissy.fr\/index.php\/rgpd\/\">www.mieuxvivrepoissy.fr\/index.php\/rgpd\/<\/a><\/i> .<\/div>\n<div id=\"frm_field_31_container\" class=\"frm_form_field form-field \">\n\t<div class=\"frm_submit frm_flex\">\r\n<button class=\"frm_button_submit\" type=\"submit\"  >Envoyer<\/button>\r\n\r\n\r\n\r\n<\/div>\n<\/div>\n\t<input type=\"hidden\" name=\"item_key\" value=\"\" \/>\n\t\t\t<div id=\"frm_field_62_container\">\n\t\t\t<label for=\"field_vfpi9\" >\n\t\t\t\tSi vous \u00eates un humain, ne remplissez pas ce champ.\t\t\t<\/label>\n\t\t\t<input  id=\"field_vfpi9\" type=\"text\" class=\"frm_form_field form-field frm_verify\" name=\"item_meta[62]\" value=\"\"  \/>\n\t\t<\/div>\n\t\t<input name=\"frm_state\" type=\"hidden\" value=\"yqgtLMWOSBxYEy\/87NdubYWKuvTkXj0LPQ2nNN6jqu4=\" \/><\/div>\n<\/fieldset>\n<\/div>\n\n<\/form>\n<\/div>\n","protected":false},"excerpt":{"rendered":"<p>Renseignez vos coordonn\u00e9es ci-dessous et nous vous recontacterons au plus vite. Vous pouvez aussi nous \u00e9crire \u00e0 contact@mieuxvivrepoissy.fr ou donner Votre avis sur Poissy.<\/p>\n","protected":false},"author":2,"featured_media":0,"parent":0,"menu_order":0,"comment_status":"closed","ping_status":"closed","template":"","meta":{"footnotes":""},"class_list":["post-98","page","type-page","status-publish","hentry"],"_links":{"self":[{"href":"https:\/\/www.mieuxvivrepoissy.fr\/index.php\/wp-json\/wp\/v2\/pages\/98","targetHints":{"allow":["GET"]}}],"collection":[{"href":"https:\/\/www.mieuxvivrepoissy.fr\/index.php\/wp-json\/wp\/v2\/pages"}],"about":[{"href":"https:\/\/www.mieuxvivrepoissy.fr\/index.php\/wp-json\/wp\/v2\/types\/page"}],"author":[{"embeddable":true,"href":"https:\/\/www.mieuxvivrepoissy.fr\/index.php\/wp-json\/wp\/v2\/users\/2"}],"replies":[{"embeddable":true,"href":"https:\/\/www.mieuxvivrepoissy.fr\/index.php\/wp-json\/wp\/v2\/comments?post=98"}],"version-history":[{"count":2,"href":"https:\/\/www.mieuxvivrepoissy.fr\/index.php\/wp-json\/wp\/v2\/pages\/98\/revisions"}],"predecessor-version":[{"id":114,"href":"https:\/\/www.mieuxvivrepoissy.fr\/index.php\/wp-json\/wp\/v2\/pages\/98\/revisions\/114"}],"wp:attachment":[{"href":"https:\/\/www.mieuxvivrepoissy.fr\/index.php\/wp-json\/wp\/v2\/media?parent=98"}],"curies":[{"name":"wp","href":"https:\/\/api.w.org\/{rel}","templated":true}]}}